{"id":394,"date":"2026-03-01T01:58:34","date_gmt":"2026-03-01T01:58:34","guid":{"rendered":"https:\/\/test.vinculovirtual.com\/?page_id=394"},"modified":"2026-03-01T01:59:34","modified_gmt":"2026-03-01T01:59:34","slug":"loja","status":"publish","type":"page","link":"https:\/\/test.vinculovirtual.com\/index.php\/loja\/","title":{"rendered":"Loja"},"content":{"rendered":"\n<div class=\"wp-block-cover alignfull is-light\"><span aria-hidden=\"true\" class=\"wp-block-cover__background has-background-dim-100 has-background-dim\" style=\"background-color:#e8e2d9\"><\/span><div class=\"wp-block-cover__inner-container is-layout-constrained wp-block-cover-is-layout-constrained\">\n<div class=\"wp-block-genesis-blocks-gb-container gb-block-container\"><div class=\"gb-container-inside\"><div class=\"gb-container-content\">\n<p class=\"has-text-align-center customSectionParragraphs has-large-font-size\">Cer\u00e2mica de autor<\/p>\n\n\n\n<h2 class=\"wp-block-heading has-text-align-center\">Loja<\/h2>\n\n\n\n<p class=\"has-text-align-center has-large-font-size\">Pe\u00e7as \u00fanicas, feitas \u00e0 m\u00e3o no ateli\u00ea em Botafogo. Cada pe\u00e7a conta uma hist\u00f3ria.<\/p>\n<\/div><\/div><\/div>\n<\/div><\/div>\n","protected":false},"excerpt":{"rendered":"","protected":false},"author":1,"featured_media":0,"parent":0,"menu_order":0,"comment_status":"closed","ping_status":"closed","template":"","meta":{"_acf_changed":false,"_genesis_hide_title":true,"_genesis_hide_breadcrumbs":true,"_genesis_hide_singular_image":true,"_genesis_hide_footer_widgets":false,"_genesis_custom_body_class":"","_genesis_custom_post_class":"","_genesis_layout":"full-width-content","footnotes":""},"class_list":{"0":"post-394","1":"page","2":"type-page","3":"status-publish","5":"entry"},"acf":[],"featured_image_src":null,"featured_image_src_square":null,"_links":{"self":[{"href":"https:\/\/test.vinculovirtual.com\/index.php\/wp-json\/wp\/v2\/pages\/394","targetHints":{"allow":["GET"]}}],"collection":[{"href":"https:\/\/test.vinculovirtual.com\/index.php\/wp-json\/wp\/v2\/pages"}],"about":[{"href":"https:\/\/test.vinculovirtual.com\/index.php\/wp-json\/wp\/v2\/types\/page"}],"author":[{"embeddable":true,"href":"https:\/\/test.vinculovirtual.com\/index.php\/wp-json\/wp\/v2\/users\/1"}],"replies":[{"embeddable":true,"href":"https:\/\/test.vinculovirtual.com\/index.php\/wp-json\/wp\/v2\/comments?post=394"}],"version-history":[{"count":4,"href":"https:\/\/test.vinculovirtual.com\/index.php\/wp-json\/wp\/v2\/pages\/394\/revisions"}],"predecessor-version":[{"id":398,"href":"https:\/\/test.vinculovirtual.com\/index.php\/wp-json\/wp\/v2\/pages\/394\/revisions\/398"}],"wp:attachment":[{"href":"https:\/\/test.vinculovirtual.com\/index.php\/wp-json\/wp\/v2\/media?parent=394"}],"curies":[{"name":"wp","href":"https:\/\/api.w.org\/{rel}","templated":true}]}}